{"id":5369,"date":"2025-10-20T18:51:17","date_gmt":"2025-10-20T18:51:17","guid":{"rendered":"https:\/\/pavelflorjancic.com\/?page_id=5369"},"modified":"2025-10-26T11:28:18","modified_gmt":"2025-10-26T11:28:18","slug":"biography","status":"publish","type":"page","link":"https:\/\/pavelflorjancic.com\/index.php\/biography\/","title":{"rendered":"Biography"},"content":{"rendered":"<p><div class=\"fusion-fullwidth fullwidth-box fusion-builder-row-1 fusion-flex-container has-pattern-background has-mask-background nonhundred-percent-fullwidth non-hundred-percent-height-scrolling\" style=\"--awb-border-radius-top-left:0px;--awb-border-radius-top-right:0px;--awb-border-radius-bottom-right:0px;--awb-border-radius-bottom-left:0px;--awb-margin-top:70px;--awb-margin-bottom:50px;--awb-flex-wrap:wrap;\" ><div class=\"fusion-builder-row fusion-row fusion-flex-align-items-flex-start fusion-flex-content-wrap\" style=\"max-width:1331.2px;margin-left: calc(-4% \/ 2 );margin-right: calc(-4% \/ 2 );\"><div class=\"fusion-layout-column fusion_builder_column fusion-builder-column-0 fusion_builder_column_1_1 1_1 fusion-flex-column\" style=\"--awb-bg-size:cover;--awb-width-large:100%;--awb-margin-top-large:0px;--awb-spacing-right-large:1.92%;--awb-margin-bottom-large:20px;--awb-spacing-left-large:1.92%;--awb-width-medium:100%;--awb-order-medium:0;--awb-spacing-right-medium:1.92%;--awb-spacing-left-medium:1.92%;--awb-width-small:100%;--awb-order-small:0;--awb-spacing-right-small:1.92%;--awb-spacing-left-small:1.92%;\"><div class=\"fusion-column-wrapper fusion-column-has-shadow fusion-flex-justify-content-flex-start fusion-content-layout-column\"><div class=\"fusion-title title fusion-title-1 fusion-title-center fusion-title-text fusion-title-size-one\"><div class=\"title-sep-container title-sep-container-left\"><div class=\"title-sep sep- sep-solid\" style=\"border-color:var(--awb-color3);\"><\/div><\/div><span class=\"awb-title-spacer\"><\/span><h1 class=\"fusion-title-heading title-heading-center fusion-responsive-typography-calculated\" style=\"margin:0;text-transform:capitalize;--fontSize:54;line-height:1.15;\">Biography<\/h1><span class=\"awb-title-spacer\"><\/span><div class=\"title-sep-container title-sep-container-right\"><div class=\"title-sep sep- sep-solid\" style=\"border-color:var(--awb-color3);\"><\/div><\/div><\/div><\/div><\/div><\/div><\/div><div class=\"fusion-fullwidth fullwidth-box fusion-builder-row-2 fusion-flex-container has-pattern-background has-mask-background nonhundred-percent-fullwidth non-hundred-percent-height-scrolling\" style=\"--awb-border-radius-top-left:0px;--awb-border-radius-top-right:0px;--awb-border-radius-bottom-right:0px;--awb-border-radius-bottom-left:0px;--awb-flex-wrap:wrap;\" ><div class=\"fusion-builder-row fusion-row fusion-flex-align-items-flex-start fusion-flex-content-wrap\" style=\"max-width:1331.2px;margin-left: calc(-4% \/ 2 );margin-right: calc(-4% \/ 2 );\"><div class=\"fusion-layout-column fusion_builder_column fusion-builder-column-1 fusion_builder_column_1_2 1_2 fusion-flex-column\" style=\"--awb-bg-size:cover;--awb-width-large:50%;--awb-margin-top-large:0px;--awb-spacing-right-large:3.84%;--awb-margin-bottom-large:20px;--awb-spacing-left-large:3.84%;--awb-width-medium:100%;--awb-order-medium:0;--awb-spacing-right-medium:1.92%;--awb-spacing-left-medium:1.92%;--awb-width-small:100%;--awb-order-small:0;--awb-spacing-right-small:1.92%;--awb-spacing-left-small:1.92%;\"><div class=\"fusion-column-wrapper fusion-column-has-shadow fusion-flex-justify-content-flex-start fusion-content-layout-column\"><div class=\"fusion-image-element \" style=\"--awb-caption-title-font-family:var(--h2_typography-font-family);--awb-caption-title-font-weight:var(--h2_typography-font-weight);--awb-caption-title-font-style:var(--h2_typography-font-style);--awb-caption-title-size:var(--h2_typography-font-size);--awb-caption-title-transform:var(--h2_typography-text-transform);--awb-caption-title-line-height:var(--h2_typography-line-height);--awb-caption-title-letter-spacing:var(--h2_typography-letter-spacing);\"><span class=\" fusion-imageframe imageframe-none imageframe-1 hover-type-none\"><img decoding=\"async\" width=\"2560\" height=\"1696\" alt=\"Pavel Florjan\u010di\u010d focused on painting in his studio, surrounded by framed still life artworks.\" title=\"Pavel Florjan\u010di\u010d Painting in His Studio \u2013 Still Life Artist from Slovenia\" src=\"https:\/\/pavelflorjancic.com\/wp-content\/uploads\/2025\/10\/Image-52016-scaled.jpg\" data-orig-src=\"https:\/\/pavelflorjancic.com\/wp-content\/uploads\/2025\/10\/Image-52016-scaled.jpg\" class=\"lazyload img-responsive wp-image-5463\" srcset=\"data:image\/svg+xml,%3Csvg%20xmlns%3D%27http%3A%2F%2Fwww.w3.org%2F2000%2Fsvg%27%20width%3D%272560%27%20height%3D%271696%27%20viewBox%3D%270%200%202560%201696%27%3E%3Crect%20width%3D%272560%27%20height%3D%271696%27%20fill-opacity%3D%220%22%2F%3E%3C%2Fsvg%3E\" data-srcset=\"https:\/\/pavelflorjancic.com\/wp-content\/uploads\/2025\/10\/Image-52016-200x132.jpg 200w, https:\/\/pavelflorjancic.com\/wp-content\/uploads\/2025\/10\/Image-52016-400x265.jpg 400w, https:\/\/pavelflorjancic.com\/wp-content\/uploads\/2025\/10\/Image-52016-600x397.jpg 600w, https:\/\/pavelflorjancic.com\/wp-content\/uploads\/2025\/10\/Image-52016-800x530.jpg 800w, https:\/\/pavelflorjancic.com\/wp-content\/uploads\/2025\/10\/Image-52016-1200x795.jpg 1200w, https:\/\/pavelflorjancic.com\/wp-content\/uploads\/2025\/10\/Image-52016-scaled.jpg 2560w\" data-sizes=\"auto\" data-orig-sizes=\"(max-width: 1024px) 100vw, (max-width: 640px) 100vw, 800px\" \/><\/span><\/div><\/div><\/div><div class=\"fusion-layout-column fusion_builder_column fusion-builder-column-2 fusion_builder_column_1_2 1_2 fusion-flex-column fusion-flex-align-self-center\" style=\"--awb-bg-size:cover;--awb-width-large:50%;--awb-margin-top-large:0px;--awb-spacing-right-large:3.84%;--awb-margin-bottom-large:20px;--awb-spacing-left-large:3.84%;--awb-width-medium:100%;--awb-order-medium:0;--awb-spacing-right-medium:1.92%;--awb-spacing-left-medium:1.92%;--awb-width-small:100%;--awb-order-small:0;--awb-spacing-right-small:1.92%;--awb-spacing-left-small:1.92%;\" data-scroll-devices=\"small-visibility,medium-visibility,large-visibility\"><div class=\"fusion-column-wrapper fusion-column-has-shadow fusion-flex-justify-content-center fusion-content-layout-column\"><div class=\"fusion-text fusion-text-1\" style=\"--awb-content-alignment:justify;\"><p><strong data-start=\"289\" data-end=\"309\">Pavel Florjan\u010di\u010d<\/strong> was born in 1947 in \u0160kofja Loka, Slovenia. He attended the <strong data-start=\"369\" data-end=\"402\">School of Design in Ljubljana <\/strong>(Department of Applied Graphics) and later continued his studies at the <strong data-start=\"475\" data-end=\"499\">Faculty of Education<\/strong>, Department of Art Education, in Ljubljana. From <strong data-start=\"549\" data-end=\"565\">1970 to 1975<\/strong>, he taught art at the primary school in \u0160kofja Loka.<\/p>\n<\/div><\/div><\/div><div class=\"fusion-layout-column fusion_builder_column fusion-builder-column-3 fusion_builder_column_1_1 1_1 fusion-flex-column\" style=\"--awb-bg-size:cover;--awb-width-large:100%;--awb-margin-top-large:40px;--awb-spacing-right-large:1.92%;--awb-margin-bottom-large:20px;--awb-spacing-left-large:1.92%;--awb-width-medium:100%;--awb-order-medium:0;--awb-spacing-right-medium:1.92%;--awb-spacing-left-medium:1.92%;--awb-width-small:100%;--awb-order-small:0;--awb-spacing-right-small:1.92%;--awb-spacing-left-small:1.92%;\" data-scroll-devices=\"small-visibility,medium-visibility,large-visibility\"><div class=\"fusion-column-wrapper fusion-column-has-shadow fusion-flex-justify-content-flex-start fusion-content-layout-column\"><div class=\"fusion-text fusion-text-2\" style=\"--awb-content-alignment:justify;\"><p data-start=\"622\" data-end=\"1101\">In <strong data-start=\"625\" data-end=\"633\">1975<\/strong>, he obtained the status of <strong data-start=\"661\" data-end=\"702\">independent cultural worker \u2013 painter<\/strong>, and the following year received a <strong data-start=\"738\" data-end=\"798\">work scholarship from the Cultural Community of Slovenia<\/strong>. In <strong data-start=\"803\" data-end=\"811\">1977<\/strong>, he was awarded a <strong data-start=\"830\" data-end=\"924\">national scholarship from the Mo\u0161a Pijade Fund for the Advancement of Fine Arts (Belgrade)<\/strong>, which enabled him to pursue further studies in <strong data-start=\"973\" data-end=\"982\">Paris<\/strong>. Since <strong data-start=\"990\" data-end=\"998\">1986<\/strong>, he has collaborated with <strong data-start=\"1025\" data-end=\"1061\">Art Collection Gallery in Munich<\/strong>. He lives and works in <strong data-start=\"1085\" data-end=\"1100\">\u0160kofja Loka<\/strong>.<\/p>\n<p data-start=\"1103\" data-end=\"1474\">Pavel Florjan\u010di\u010d is regarded as one of Slovenia\u2019s leading representatives of <strong data-start=\"1180\" data-end=\"1213\">photorealism and hyperrealism<\/strong>. Among painters from the \u0160kofja Loka region, he is known for his exceptional technical mastery and highly distinctive style. His work reflects the artistic movements of the late 1960s and 1970s, marked by a precise understanding of form, light, and material.<\/p>\n<\/div><\/div><\/div><div class=\"fusion-layout-column fusion_builder_column fusion-builder-column-4 fusion_builder_column_1_2 1_2 fusion-flex-column fusion-flex-align-self-center\" style=\"--awb-bg-size:cover;--awb-width-large:50%;--awb-margin-top-large:0px;--awb-spacing-right-large:3.84%;--awb-margin-bottom-large:20px;--awb-spacing-left-large:3.84%;--awb-width-medium:100%;--awb-order-medium:0;--awb-spacing-right-medium:1.92%;--awb-spacing-left-medium:1.92%;--awb-width-small:100%;--awb-order-small:0;--awb-spacing-right-small:1.92%;--awb-spacing-left-small:1.92%;\" data-scroll-devices=\"small-visibility,medium-visibility,large-visibility\"><div class=\"fusion-column-wrapper fusion-column-has-shadow fusion-flex-justify-content-center fusion-content-layout-column\"><div class=\"fusion-text fusion-text-3\" style=\"--awb-content-alignment:justify;\"><p>While his paintings may evoke photographic clarity, they transcend mere imitation, transforming ordinary still-life scenes into profound reflections on perception and reality. His painter\u2019s eye reveals subtle spatial and tonal nuances that often escape casual observation. Florjan\u010di\u010d\u2019s ability to render the intimate world of objects with such purity and focus gives his work a timeless, contemplative quality, recalling the dramatic tension found in classical landscape painting.<\/p>\n<\/div><\/div><\/div><div class=\"fusion-layout-column fusion_builder_column fusion-builder-column-5 fusion_builder_column_1_2 1_2 fusion-flex-column\" style=\"--awb-bg-size:cover;--awb-width-large:50%;--awb-margin-top-large:0px;--awb-spacing-right-large:3.84%;--awb-margin-bottom-large:20px;--awb-spacing-left-large:3.84%;--awb-width-medium:100%;--awb-order-medium:0;--awb-spacing-right-medium:1.92%;--awb-spacing-left-medium:1.92%;--awb-width-small:100%;--awb-order-small:0;--awb-spacing-right-small:1.92%;--awb-spacing-left-small:1.92%;\"><div class=\"fusion-column-wrapper fusion-column-has-shadow fusion-flex-justify-content-flex-start fusion-content-layout-column\"><div class=\"fusion-image-element \" style=\"--awb-caption-title-font-family:var(--h2_typography-font-family);--awb-caption-title-font-weight:var(--h2_typography-font-weight);--awb-caption-title-font-style:var(--h2_typography-font-style);--awb-caption-title-size:var(--h2_typography-font-size);--awb-caption-title-transform:var(--h2_typography-text-transform);--awb-caption-title-line-height:var(--h2_typography-line-height);--awb-caption-title-letter-spacing:var(--h2_typography-letter-spacing);\"><span class=\" fusion-imageframe imageframe-none imageframe-2 hover-type-none\"><img decoding=\"async\" width=\"1696\" height=\"2560\" alt=\"Pavel Florjan\u010di\u010d painting a still life of potted flowers on an easel in his art studio, wearing a white painter\u2019s coat.\" title=\"Pavel Florjan\u010di\u010d Working on a Still Life \u2013 Oil Painting in Progress\" src=\"https:\/\/pavelflorjancic.com\/wp-content\/uploads\/2025\/10\/Image-62016-scaled.jpg\" data-orig-src=\"https:\/\/pavelflorjancic.com\/wp-content\/uploads\/2025\/10\/Image-62016-scaled.jpg\" class=\"lazyload img-responsive wp-image-5464\" srcset=\"data:image\/svg+xml,%3Csvg%20xmlns%3D%27http%3A%2F%2Fwww.w3.org%2F2000%2Fsvg%27%20width%3D%271696%27%20height%3D%272560%27%20viewBox%3D%270%200%201696%202560%27%3E%3Crect%20width%3D%271696%27%20height%3D%272560%27%20fill-opacity%3D%220%22%2F%3E%3C%2Fsvg%3E\" data-srcset=\"https:\/\/pavelflorjancic.com\/wp-content\/uploads\/2025\/10\/Image-62016-200x302.jpg 200w, https:\/\/pavelflorjancic.com\/wp-content\/uploads\/2025\/10\/Image-62016-400x604.jpg 400w, https:\/\/pavelflorjancic.com\/wp-content\/uploads\/2025\/10\/Image-62016-600x906.jpg 600w, https:\/\/pavelflorjancic.com\/wp-content\/uploads\/2025\/10\/Image-62016-800x1208.jpg 800w, https:\/\/pavelflorjancic.com\/wp-content\/uploads\/2025\/10\/Image-62016-1200x1812.jpg 1200w, https:\/\/pavelflorjancic.com\/wp-content\/uploads\/2025\/10\/Image-62016-scaled.jpg 1696w\" data-sizes=\"auto\" data-orig-sizes=\"(max-width: 1024px) 100vw, (max-width: 640px) 100vw, 800px\" \/><\/span><\/div><\/div><\/div><\/div><\/div><div class=\"fusion-fullwidth fullwidth-box fusion-builder-row-3 fusion-flex-container has-pattern-background has-mask-background nonhundred-percent-fullwidth non-hundred-percent-height-scrolling\" style=\"--awb-border-radius-top-left:0px;--awb-border-radius-top-right:0px;--awb-border-radius-bottom-right:0px;--awb-border-radius-bottom-left:0px;--awb-flex-wrap:wrap;\" ><div class=\"fusion-builder-row fusion-row fusion-flex-align-items-flex-start fusion-flex-content-wrap\" style=\"max-width:1331.2px;margin-left: calc(-4% \/ 2 );margin-right: calc(-4% \/ 2 );\"><div class=\"fusion-layout-column fusion_builder_column fusion-builder-column-6 fusion_builder_column_1_1 1_1 fusion-flex-column\" style=\"--awb-bg-size:cover;--awb-width-large:100%;--awb-margin-top-large:0px;--awb-spacing-right-large:1.92%;--awb-margin-bottom-large:20px;--awb-spacing-left-large:1.92%;--awb-width-medium:100%;--awb-order-medium:0;--awb-spacing-right-medium:1.92%;--awb-spacing-left-medium:1.92%;--awb-width-small:100%;--awb-order-small:0;--awb-spacing-right-small:1.92%;--awb-spacing-left-small:1.92%;\"><div class=\"fusion-column-wrapper fusion-column-has-shadow fusion-flex-justify-content-flex-start fusion-content-layout-column\"><div class=\"fusion-text fusion-text-4\"><h2 data-start=\"289\" data-end=\"321\"><strong data-start=\"292\" data-end=\"321\">Selected Solo Exhibitions<\/strong><\/h2>\n<p data-start=\"322\" data-end=\"1224\">1975 \u2013 Idrija Gallery, Idrija<br data-start=\"351\" data-end=\"354\" \/>1979 \u2013 Likovni Salon, Ravne na Koro\u0161kem<br data-start=\"393\" data-end=\"396\" \/>1990 \u2013 Galerie in der Prannerstrasse, Munich<br data-start=\"440\" data-end=\"443\" \/>1992 \u2013 Galerie Bilder Prat, Linz<br data-start=\"475\" data-end=\"478\" \/>1992 \u2013 Galerie in der Prannerstrasse, Munich<br data-start=\"522\" data-end=\"525\" \/>1993 \u2013 Galerie Reinhagen, Bad Oeynhausen<br data-start=\"565\" data-end=\"568\" \/>1994 \u2013 Galerie Malerwinkel, Braunschweig<br data-start=\"608\" data-end=\"611\" \/>1996 \u2013 Galerie in der Prannerstrasse, Munich<br data-start=\"655\" data-end=\"658\" \/>1998 \u2013 Galerie in der Prannerstrasse, Munich<br data-start=\"702\" data-end=\"705\" \/>2000 \u2013 Galerie in der Prannerstrasse, Munich<br data-start=\"749\" data-end=\"752\" \/>2003 \u2013 Kolar Gallery, Slovenj Gradec<br data-start=\"788\" data-end=\"791\" \/>2005 \u2013 Ha\u010dek Cultural Center, Klagenfurt<br data-start=\"831\" data-end=\"834\" \/>2005 \u2013 Galleria Rettori Tribbio 2, Trieste<br data-start=\"876\" data-end=\"879\" \/>2007 \u2013 Ivan Grohar Gallery, \u0160kofja Loka<br data-start=\"918\" data-end=\"921\" data-is-only-node=\"\" \/>2010 \u2013 Galerie Bilder Prat, Linz<br data-start=\"953\" data-end=\"956\" \/>2012 \u2013 Berghammer Galerie, Linz<br data-start=\"987\" data-end=\"990\" \/>2015 \u2013 Gallery Steiner Wien, Vienna<br data-start=\"1025\" data-end=\"1028\" \/>2016 \u2013 Artifact, New York, USA<br data-start=\"1058\" data-end=\"1061\" \/>2019 \u2013 \u0160iv\u010deva hi\u0161a Gallery, Radovljica<br data-start=\"1100\" data-end=\"1103\" \/>2019 \u2013 Galleria Rettori Tribbio, Trieste<br data-start=\"1143\" data-end=\"1146\" \/>2020 \u2013 Sokolski dom, \u0160kofja Loka<br data-start=\"1178\" data-end=\"1181\" \/>2025 \u2013 Gunclje Gallery, Ljubljana\u2013\u0160entvid<\/p>\n<hr data-start=\"1226\" data-end=\"1229\" \/>\n<h2 data-start=\"1231\" data-end=\"1264\"><strong data-start=\"1234\" data-end=\"1264\">Selected Group Exhibitions<\/strong><\/h2>\n<p data-start=\"1265\" data-end=\"2723\">1973\u20131981 \u2013 7th\u201311th <em data-start=\"1286\" data-end=\"1313\">Biennial of Young Artists<\/em>, Museum of Modern Art, Rijeka<br data-start=\"1343\" data-end=\"1346\" \/>1976 \u2013 <em data-start=\"1353\" data-end=\"1373\">Young Yugoslav Art<\/em>, Cuba and Panama<br data-start=\"1390\" data-end=\"1393\" \/>1976 \u2013 1st <em data-start=\"1404\" data-end=\"1421\">Biennale INTART<\/em>, Udine, Klagenfurt, Ljubljana<br data-start=\"1451\" data-end=\"1454\" \/>1979\u20131991 \u2013 7th\u201313th <em data-start=\"1475\" data-end=\"1514\">Zagreb Exhibition of Yugoslav Drawing<\/em>, JAZU Graphic Cabinet, Zagreb<br data-start=\"1544\" data-end=\"1547\" \/>1979 \u2013 <em data-start=\"1554\" data-end=\"1577\">Graphik aus Slowenien<\/em>, Tiroler Kunstpavillon, Innsbruck<br data-start=\"1611\" data-end=\"1614\" \/>1981\u20131982 \u2013 <em data-start=\"1626\" data-end=\"1648\">Younger Yugoslav Art<\/em>, Budapest, \u0141\u00f3d\u017a, Pozna\u0144<br data-start=\"1672\" data-end=\"1675\" \/>1984 \u2013 9th <em data-start=\"1686\" data-end=\"1732\">International Exhibition of Original Drawing<\/em>, Museum of Modern Art, Rijeka<br data-start=\"1762\" data-end=\"1765\" \/>2003 \u2013 <em data-start=\"1772\" data-end=\"1789\">My Little World<\/em>, Gallery of Contemporary Art, Celje<br data-start=\"1825\" data-end=\"1828\" \/>2005 \u2013 <em data-start=\"1835\" data-end=\"1851\">Masterful Trio<\/em>, Bilder im Hof, Flensburg<br data-start=\"1877\" data-end=\"1880\" \/>2014 \u2013 <em data-start=\"1887\" data-end=\"1915\">The Power of Perception II<\/em>, Artspace Gallery, New York<br data-start=\"1943\" data-end=\"1946\" \/>2014 \u2013 <em data-start=\"1953\" data-end=\"1984\">1st Biennale Europ\u00e9enne Paris<\/em>, Paris<br data-start=\"1991\" data-end=\"1994\" \/>2014 \u2013 <em data-start=\"2001\" data-end=\"2017\">Spectrum Miami<\/em>, Artifact New York, Miami<br data-start=\"2043\" data-end=\"2046\" \/>2015 \u2013 <em data-start=\"2053\" data-end=\"2100\">2nd Biennale Internazionale d\u2019Arte di Palermo<\/em>, Palazzo Sant\u2019Elia, Palermo<br data-start=\"2128\" data-end=\"2131\" \/>2015 \u2013 <em data-start=\"2138\" data-end=\"2174\">Florence Art International ArtExpo<\/em>, Palazzo Guicciardini, Florence<br data-start=\"2206\" data-end=\"2209\" \/>2015 \u2013 <em data-start=\"2216\" data-end=\"2273\">Recent Painting and Sculpture in the \u0160kofja Loka Region<\/em>, Sokolski dom, \u0160kofja Loka<br data-start=\"2300\" data-end=\"2303\" \/>2015 \u2013 <em data-start=\"2310\" data-end=\"2349\">Architectural Digest Home Design Show<\/em>, Art UpClose, New York<br data-start=\"2372\" data-end=\"2375\" \/>2015 \u2013 <em data-start=\"2382\" data-end=\"2406\">Art Expo New York City<\/em>, Art UpClose, New York<br data-start=\"2429\" data-end=\"2432\" \/>2015 \u2013 <em data-start=\"2439\" data-end=\"2498\">Spectrum Miami \u2013 Contemporary Art Show (during Art Basel)<\/em>, Artifact, Miami<br data-start=\"2515\" data-end=\"2518\" \/>2016 \u2013 <em data-start=\"2525\" data-end=\"2564\">Architectural Digest Home Design Show<\/em>, Art UpClose, New York<br data-start=\"2587\" data-end=\"2590\" \/>2016 \u2013 <em data-start=\"2597\" data-end=\"2609\">Art Monaco<\/em>, Artifact New York, Monaco<br data-start=\"2636\" data-end=\"2639\" \/>2021 \u2013 <em data-start=\"2646\" data-end=\"2695\">4th Triennial Exhibition of Visual Arts in Rome<\/em>, Palazzo Velli Expo, Rome<\/p>\n<hr data-start=\"2725\" data-end=\"2728\" \/>\n<h2 data-start=\"2730\" data-end=\"2762\"><strong data-start=\"2733\" data-end=\"2762\">Publications and Features<\/strong><\/h2>\n<h3 data-start=\"2764\" data-end=\"2777\"><strong data-start=\"2768\" data-end=\"2777\">Books<\/strong><\/h3>\n<ul data-start=\"2778\" data-end=\"3400\">\n<li data-start=\"2778\" data-end=\"2928\">\n<p data-start=\"2780\" data-end=\"2928\"><em data-start=\"2780\" data-end=\"2829\">Monograph: Pavel Florjan\u010di\u010d \u2013 Poesie in Bildern<\/em>, Art Collection, Gallery in der Prannerstrasse &amp; Druckerei Gebr. Gierl, Munich, 2001 (pp. 1\u2013113)<\/p>\n<\/li>\n<li data-start=\"2929\" data-end=\"3010\">\n<p data-start=\"2931\" data-end=\"3010\"><em data-start=\"2931\" data-end=\"2963\">Contemporary Art of Excellence<\/em>, Global Art Agency, Oxford, 2015 (pp. 64\u201365)<\/p>\n<\/li>\n<li data-start=\"3011\" data-end=\"3104\">\n<p data-start=\"3013\" data-end=\"3104\"><em data-start=\"3013\" data-end=\"3064\">A Survey of Contemporary Art \u2013 World Edition 2015<\/em>, Art UpClose, New York, 2015 (p. 126)<\/p>\n<\/li>\n<li data-start=\"3105\" data-end=\"3210\">\n<p data-start=\"3107\" data-end=\"3210\"><em data-start=\"3107\" data-end=\"3143\">Inspiration International Art Book<\/em>, Contemporary Masters Collection, Portland\u2013London, 2016 (p. 182)<\/p>\n<\/li>\n<li data-start=\"3211\" data-end=\"3315\">\n<p data-start=\"3213\" data-end=\"3315\"><em data-start=\"3213\" data-end=\"3249\">Inspiration International Art Book<\/em>, Contemporary Masters Collection, Portland\u2013London, 2017 (p. 99)<\/p>\n<\/li>\n<li data-start=\"3316\" data-end=\"3400\">\n<p data-start=\"3318\" data-end=\"3400\"><em data-start=\"3318\" data-end=\"3351\">Atlante dell\u2019Arte Contemporanea<\/em>, Start Roma, De Agostini Novara, 2019 (p. 973)<\/p>\n<\/li>\n<\/ul>\n<h3 data-start=\"3402\" data-end=\"3419\"><strong data-start=\"3406\" data-end=\"3419\">Magazines<\/strong><\/h3>\n<ul data-start=\"3420\" data-end=\"3788\">\n<li data-start=\"3420\" data-end=\"3535\">\n<p data-start=\"3422\" data-end=\"3535\"><em data-start=\"3422\" data-end=\"3487\">The New Heirs of Rembrandt \u2013 Historical Paths of Figurative Art<\/em>, Effetto Arte, Palermo, May\/June 2014 (p. 61)<\/p>\n<\/li>\n<li data-start=\"3536\" data-end=\"3624\">\n<p data-start=\"3538\" data-end=\"3624\"><em data-start=\"3538\" data-end=\"3574\">A Portrait for Great Art\u2019s Masters<\/em>, Effetto Arte, Palermo, Sept.\/Oct. 2014 (p. 91)<\/p>\n<\/li>\n<li data-start=\"3625\" data-end=\"3711\">\n<p data-start=\"3627\" data-end=\"3711\"><em data-start=\"3627\" data-end=\"3663\">Roma Imperiale International Prize<\/em>, Effetto Arte, Palermo, May\/June 2015 (p. 77)<\/p>\n<\/li>\n<li data-start=\"3712\" data-end=\"3788\">\n<p data-start=\"3714\" data-end=\"3788\"><em data-start=\"3714\" data-end=\"3755\">Aesthetica \u2013 The Art &amp; Culture Magazine<\/em>, York, Oct.\/Nov. 2015 (p. 158)<\/p>\n<\/li>\n<\/ul>\n<hr data-start=\"3790\" data-end=\"3793\" \/>\n<h2 data-start=\"3795\" data-end=\"3834\"><strong data-start=\"3798\" data-end=\"3834\">Selected Awards and Recognitions<\/strong><\/h2>\n<p data-start=\"3835\" data-end=\"4508\">1976 \u2013 1st <em data-start=\"3846\" data-end=\"3863\">Biennale INTART<\/em>, Centro Friulani Arti Plastiche, Purchase Award, Udine<br data-start=\"3918\" data-end=\"3921\" \/>1977 \u2013 <em data-start=\"3928\" data-end=\"3938\">Likanale<\/em>, Purchase Award, Gospi\u0107<br data-start=\"3962\" data-end=\"3965\" \/>1984 \u2013 <em data-start=\"3972\" data-end=\"3992\">Grohar Scholarship<\/em>, \u0160kofja Loka<br data-start=\"4005\" data-end=\"4008\" \/>1987 \u2013 11th <em data-start=\"4020\" data-end=\"4059\">Zagreb Exhibition of Yugoslav Drawing<\/em>, Purchase Award, Zagreb<br data-start=\"4083\" data-end=\"4086\" \/>2014 \u2013 <em data-start=\"4093\" data-end=\"4124\">1st Biennale Europ\u00e9enne Paris<\/em>, for emerging artistic talent, Paris<br data-start=\"4161\" data-end=\"4164\" \/>2015 \u2013 <em data-start=\"4171\" data-end=\"4196\">Sandro Botticelli Prize<\/em>, for stylistic excellence, Florence<br data-start=\"4232\" data-end=\"4235\" \/>2015 \u2013 <em data-start=\"4242\" data-end=\"4278\">Roma Imperiale International Prize<\/em>, for stylistic excellence, Rome<br data-start=\"4310\" data-end=\"4313\" \/>2016 \u2013 <em data-start=\"4320\" data-end=\"4336\">Palm Art Award<\/em>, Certificate of Excellence for outstanding originality and quality, Quedlinburg<br data-start=\"4416\" data-end=\"4419\" \/>2020 \u2013 <em data-start=\"4426\" data-end=\"4440\">Grohar Award<\/em>, Association of Artists \u0160kofja Loka &amp; Municipality of \u0160kofja Loka<\/p>\n<hr data-start=\"4510\" data-end=\"4513\" \/>\n<h2 data-start=\"4515\" data-end=\"4533\"><strong data-start=\"4518\" data-end=\"4533\">Nominations<\/strong><\/h2>\n<p data-start=\"4534\" data-end=\"4680\">2008 \u2013 Nominee for the <em data-start=\"4557\" data-end=\"4590\">Professional Award of the ZDSLU<\/em> (Association of Slovenian Fine Artists)<br data-start=\"4630\" data-end=\"4633\" \/>2017 \u2013 Nominee for the <em data-start=\"4656\" data-end=\"4678\">Rihard Jakopi\u010d Award<\/em><\/p>\n<\/div><\/div><\/div><\/div><\/div><\/p>\n","protected":false},"excerpt":{"rendered":"","protected":false},"author":3,"featured_media":0,"parent":0,"menu_order":0,"comment_status":"closed","ping_status":"closed","template":"100-width.php","meta":{"footnotes":""},"class_list":["post-5369","page","type-page","status-publish","hentry"],"_links":{"self":[{"href":"https:\/\/pavelflorjancic.com\/index.php\/wp-json\/wp\/v2\/pages\/5369","targetHints":{"allow":["GET"]}}],"collection":[{"href":"https:\/\/pavelflorjancic.com\/index.php\/wp-json\/wp\/v2\/pages"}],"about":[{"href":"https:\/\/pavelflorjancic.com\/index.php\/wp-json\/wp\/v2\/types\/page"}],"author":[{"embeddable":true,"href":"https:\/\/pavelflorjancic.com\/index.php\/wp-json\/wp\/v2\/users\/3"}],"replies":[{"embeddable":true,"href":"https:\/\/pavelflorjancic.com\/index.php\/wp-json\/wp\/v2\/comments?post=5369"}],"version-history":[{"count":17,"href":"https:\/\/pavelflorjancic.com\/index.php\/wp-json\/wp\/v2\/pages\/5369\/revisions"}],"predecessor-version":[{"id":5517,"href":"https:\/\/pavelflorjancic.com\/index.php\/wp-json\/wp\/v2\/pages\/5369\/revisions\/5517"}],"wp:attachment":[{"href":"https:\/\/pavelflorjancic.com\/index.php\/wp-json\/wp\/v2\/media?parent=5369"}],"curies":[{"name":"wp","href":"https:\/\/api.w.org\/{rel}","templated":true}]}}